{"id":578,"date":"2020-06-12T11:20:07","date_gmt":"2020-06-12T09:20:07","guid":{"rendered":"http:\/\/gdsa34.org\/?page_id=578"},"modified":"2020-06-12T11:29:12","modified_gmt":"2020-06-12T09:29:12","slug":"publication-de-lherault-apicole","status":"publish","type":"page","link":"https:\/\/gdsa34.org\/index.php\/publication-de-lherault-apicole\/","title":{"rendered":"L&rsquo;H\u00e9rault Apicole"},"content":{"rendered":"<p>La revue d\u00e9partementale regroupant les nouvelles du Syndicat l&rsquo;<strong>Abeille H\u00e9raultaise<\/strong> et du <strong>Groupement de D\u00e9fense Sanitaire Apicole de l&rsquo;H\u00e9rault<\/strong>.<\/p>\n<p>Voir en ligne:\u00a0<a href=\"http:\/\/online.fliphtml5.com\/gogdh\/bakl\/\" target=\"_blank\" rel=\"noopener noreferrer\">L&rsquo;H\u00e9rault Apicole<\/a><\/p>\n","protected":false},"excerpt":{"rendered":"<p>La revue d\u00e9partementale regroupant les nouvelles du Syndicat l&rsquo;Abeille H\u00e9raultaise et du Groupement de D\u00e9fense Sanitaire Apicole de l&rsquo;H\u00e9rault. Voir en ligne:\u00a0L&rsquo;H\u00e9rault Apicole<\/p>\n","protected":false},"author":5,"featured_media":0,"parent":0,"menu_order":0,"comment_status":"closed","ping_status":"closed","template":"","meta":{"footnotes":""},"class_list":["post-578","page","type-page","status-publish","hentry"],"_links":{"self":[{"href":"https:\/\/gdsa34.org\/index.php\/wp-json\/wp\/v2\/pages\/578","targetHints":{"allow":["GET"]}}],"collection":[{"href":"https:\/\/gdsa34.org\/index.php\/wp-json\/wp\/v2\/pages"}],"about":[{"href":"https:\/\/gdsa34.org\/index.php\/wp-json\/wp\/v2\/types\/page"}],"author":[{"embeddable":true,"href":"https:\/\/gdsa34.org\/index.php\/wp-json\/wp\/v2\/users\/5"}],"replies":[{"embeddable":true,"href":"https:\/\/gdsa34.org\/index.php\/wp-json\/wp\/v2\/comments?post=578"}],"version-history":[{"count":4,"href":"https:\/\/gdsa34.org\/index.php\/wp-json\/wp\/v2\/pages\/578\/revisions"}],"predecessor-version":[{"id":584,"href":"https:\/\/gdsa34.org\/index.php\/wp-json\/wp\/v2\/pages\/578\/revisions\/584"}],"wp:attachment":[{"href":"https:\/\/gdsa34.org\/index.php\/wp-json\/wp\/v2\/media?parent=578"}],"curies":[{"name":"wp","href":"https:\/\/api.w.org\/{rel}","templated":true}]}}