{"id":46,"date":"2018-12-09T16:51:17","date_gmt":"2018-12-09T15:51:17","guid":{"rendered":"http:\/\/gdsa34.org\/?page_id=46"},"modified":"2024-03-29T10:56:23","modified_gmt":"2024-03-29T09:56:23","slug":"le-conseil-dadministration","status":"publish","type":"page","link":"https:\/\/gdsa34.org\/index.php\/le-conseil-dadministration\/","title":{"rendered":"Le Conseil d&rsquo;administration"},"content":{"rendered":"\r\n\r\n\r\n\r\n\r\n\r\n\r\n<p align=\"center\"><span style=\"font-size: x-large;\"><b>Conseil Administration GDSA H\u00e9rault <\/b><\/span><\/p>\r\n<p align=\"center\">Pr\u00e9sident: <strong>Jean-Luc Delon<\/strong> ; Les Matelles<\/p>\r\n<p align=\"center\">Secr\u00e9taire: <strong>Jean-Philippe Chaize<\/strong> ; Castelnau le Lez<\/p>\r\n<p align=\"center\">Tr\u00e9sorier: <strong>Jean-Pierre Almes<\/strong> ; St Dr\u00e9z\u00e9ry<\/p>\r\n<p align=\"center\">Vice Pr\u00e9sident: <b>Paul GALZIN; <\/b>B\u00e9ziers<\/p>\r\n<p align=\"center\">Les autres administrateurs, renouvel\u00e9s lors de l&rsquo;AG pr\u00e9vue en janvier 2024, appara\u00eetront ensuite ici.<\/p>\r\n<p>&nbsp;<\/p>\r\n<p>&nbsp;<\/p>\r\n<p><\/p>\r\n<h2>\u00a0<\/h2>\r\n<p>&nbsp;<\/p>","protected":false},"excerpt":{"rendered":"<p>Conseil Administration GDSA H\u00e9rault Pr\u00e9sident: Jean-Luc Delon ; Les Matelles Secr\u00e9taire: Jean-Philippe Chaize ; Castelnau le Lez Tr\u00e9sorier: Jean-Pierre Almes ; St Dr\u00e9z\u00e9ry Vice Pr\u00e9sident: Paul GALZIN; B\u00e9ziers Les autres administrateurs, renouvel\u00e9s lors de l&rsquo;AG pr\u00e9vue en janvier 2024, appara\u00eetront <a class=\"more-link\" href=\"https:\/\/gdsa34.org\/index.php\/le-conseil-dadministration\/\">Continuer la lecture <span class=\"screen-reader-text\">  Le Conseil d&rsquo;administration<\/span><span class=\"meta-nav\">&rarr;<\/span><\/a><\/p>\n","protected":false},"author":5,"featured_media":0,"parent":0,"menu_order":0,"comment_status":"closed","ping_status":"closed","template":"","meta":{"footnotes":""},"class_list":["post-46","page","type-page","status-publish","hentry"],"_links":{"self":[{"href":"https:\/\/gdsa34.org\/index.php\/wp-json\/wp\/v2\/pages\/46","targetHints":{"allow":["GET"]}}],"collection":[{"href":"https:\/\/gdsa34.org\/index.php\/wp-json\/wp\/v2\/pages"}],"about":[{"href":"https:\/\/gdsa34.org\/index.php\/wp-json\/wp\/v2\/types\/page"}],"author":[{"embeddable":true,"href":"https:\/\/gdsa34.org\/index.php\/wp-json\/wp\/v2\/users\/5"}],"replies":[{"embeddable":true,"href":"https:\/\/gdsa34.org\/index.php\/wp-json\/wp\/v2\/comments?post=46"}],"version-history":[{"count":22,"href":"https:\/\/gdsa34.org\/index.php\/wp-json\/wp\/v2\/pages\/46\/revisions"}],"predecessor-version":[{"id":1186,"href":"https:\/\/gdsa34.org\/index.php\/wp-json\/wp\/v2\/pages\/46\/revisions\/1186"}],"wp:attachment":[{"href":"https:\/\/gdsa34.org\/index.php\/wp-json\/wp\/v2\/media?parent=46"}],"curies":[{"name":"wp","href":"https:\/\/api.w.org\/{rel}","templated":true}]}}