{"id":42,"date":"2018-12-09T16:43:03","date_gmt":"2018-12-09T15:43:03","guid":{"rendered":"http:\/\/gdsa34.org\/?page_id=42"},"modified":"2026-01-24T10:23:26","modified_gmt":"2026-01-24T09:23:26","slug":"adherer-au-gdsa34","status":"publish","type":"page","link":"https:\/\/gdsa34.org\/index.php\/adherer-au-gdsa34\/","title":{"rendered":"Adh\u00e9rer au GDSA34"},"content":{"rendered":"\r\n<p><strong>Vous trouverez en t\u00e9l\u00e9chargement la fiche de cotisation 2026.<br \/><\/strong><a href=\"https:\/\/gdsa34.org\/wp-content\/uploads\/2025\/12\/Cotisation-GDSA-2026.pdf\" class=\"pdfemb-viewer\" style=\"\" data-width=\"max\" data-height=\"max\" data-toolbar=\"bottom\" data-toolbar-fixed=\"off\">Cotisation GDSA 2026<\/a><\/p>\r\n\r\n\r\n\r\n<p><a href=\"http:\/\/gdsa34.org\/wp-content\/uploads\/2025\/12\/Cotisation-GDSA-2026.pdf\" target=\"_blank\" rel=\"noopener\">T\u00e9l\u00e9charger adh\u00e9sion 2026<\/a><\/p>\r\n<p>Le Minist\u00e8re de l\u2019Agriculture demande aux apiculteurs de se regrouper pour \u00e9tablir un plan sanitaire d\u2019\u00e9levage ou PSE, agr\u00e9\u00e9 par la DDPP.<\/p>\r\n<p><strong><span style=\"color: red;\">La cotisation et l&rsquo;adh\u00e9sion au PSE sont obligatoires pour obtenir des m\u00e9dicaments AMM de lutte contre le varroa.<\/span><\/strong>\u00a0<\/p>\r\n<p>Ce PSE permet aux adh\u00e9rents du GDSA de grouper les commandes de m\u00e9dicaments v\u00e9t\u00e9rinaires homologu\u00e9s (avec AMM), sous la supervision du <strong>v\u00e9t\u00e9rinaire conseil<\/strong> qui \u00e9tablit les ordonnances pour chaque adh\u00e9rent. Ordonnance \u00e0 mettre dans le registre d\u2019\u00e9levage.<\/p>\r\n<p>\u00a0Pour cela, il est n\u00e9cessaire <u>d&rsquo;adh\u00e9rer individuellement au PSE<\/u> lors de l&rsquo;adh\u00e9sion annuelle au GDSA (formulaire d&rsquo;adh\u00e9sion).<br \/>Ces m\u00e9dicaments sont r\u00e9troc\u00e9d\u00e9s aux apiculteurs au prix co\u00fbtant, pour les <u>apiculteurs adh\u00e9rents uniquement<\/u> et selon leur nombre de ruches d\u00e9clar\u00e9es officiellement.<\/p>\r\n<p>Le GDSA organise \u00e9galement pour ses adh\u00e9rents des <strong>demi-journ\u00e9es techniques sanitaires<\/strong> qui permettent d&rsquo;actualiser les connaissances et d&rsquo;\u00e9changer entre apiculteurs.<\/p>\r\n\r\n\r\n","protected":false},"excerpt":{"rendered":"<p>Vous trouverez en t\u00e9l\u00e9chargement la fiche de cotisation 2026. T\u00e9l\u00e9charger adh\u00e9sion 2026 Le Minist\u00e8re de l\u2019Agriculture demande aux apiculteurs de se regrouper pour \u00e9tablir un plan sanitaire d\u2019\u00e9levage ou PSE, agr\u00e9\u00e9 par la DDPP. La cotisation et l&rsquo;adh\u00e9sion au PSE <a class=\"more-link\" href=\"https:\/\/gdsa34.org\/index.php\/adherer-au-gdsa34\/\">Continuer la lecture <span class=\"screen-reader-text\">  Adh\u00e9rer au GDSA34<\/span><span class=\"meta-nav\">&rarr;<\/span><\/a><\/p>\n","protected":false},"author":5,"featured_media":0,"parent":0,"menu_order":0,"comment_status":"closed","ping_status":"closed","template":"","meta":{"footnotes":""},"class_list":["post-42","page","type-page","status-publish","hentry"],"_links":{"self":[{"href":"https:\/\/gdsa34.org\/index.php\/wp-json\/wp\/v2\/pages\/42","targetHints":{"allow":["GET"]}}],"collection":[{"href":"https:\/\/gdsa34.org\/index.php\/wp-json\/wp\/v2\/pages"}],"about":[{"href":"https:\/\/gdsa34.org\/index.php\/wp-json\/wp\/v2\/types\/page"}],"author":[{"embeddable":true,"href":"https:\/\/gdsa34.org\/index.php\/wp-json\/wp\/v2\/users\/5"}],"replies":[{"embeddable":true,"href":"https:\/\/gdsa34.org\/index.php\/wp-json\/wp\/v2\/comments?post=42"}],"version-history":[{"count":49,"href":"https:\/\/gdsa34.org\/index.php\/wp-json\/wp\/v2\/pages\/42\/revisions"}],"predecessor-version":[{"id":1395,"href":"https:\/\/gdsa34.org\/index.php\/wp-json\/wp\/v2\/pages\/42\/revisions\/1395"}],"wp:attachment":[{"href":"https:\/\/gdsa34.org\/index.php\/wp-json\/wp\/v2\/media?parent=42"}],"curies":[{"name":"wp","href":"https:\/\/api.w.org\/{rel}","templated":true}]}}