{"id":365,"date":"2020-03-03T17:51:45","date_gmt":"2020-03-03T16:51:45","guid":{"rendered":"http:\/\/gdsa34.org\/?page_id=365"},"modified":"2021-02-25T09:47:10","modified_gmt":"2021-02-25T08:47:10","slug":"le-rucher-pedagogique-de-lherault","status":"publish","type":"page","link":"https:\/\/gdsa34.org\/index.php\/missions-du-gdsa34\/le-rucher-pedagogique-de-lherault\/","title":{"rendered":"Le rucher p\u00e9dagogique du D\u00e9partement de l&rsquo;H\u00e9rault"},"content":{"rendered":"<p>Dans le cadre de ses missions Information et de sensibilisation des connaissances sanitaires apicoles, le GDSA organise ou contribue \u00e0 des actions p\u00e9dagogiques.<\/p>\n<p>A ce titre le GDSA a en charge la gestion et l&rsquo;animation du rucher p\u00e9dagogique du d\u00e9partement de l&rsquo;H\u00e9rault en collaboration \u00e9troite avec la Maison de l\u2019Environnement de Restincli\u00e8res \u00e0 Prades le Lez.<\/p>\n<p><a href=\"http:\/\/gdsa34.org\/wp-content\/uploads\/2020\/03\/MDE.png\"><img loading=\"lazy\" decoding=\"async\" class=\"aligncenter size-full wp-image-369\" src=\"http:\/\/gdsa34.org\/wp-content\/uploads\/2020\/03\/MDE.png\" alt=\"\" width=\"523\" height=\"388\" srcset=\"https:\/\/gdsa34.org\/wp-content\/uploads\/2020\/03\/MDE.png 523w, https:\/\/gdsa34.org\/wp-content\/uploads\/2020\/03\/MDE-300x223.png 300w\" sizes=\"auto, (max-width: 523px) 100vw, 523px\" \/><\/a><\/p>\n<p>L&rsquo;objectif du rucher p\u00e9dagogique est, \u00e0 destination des scolaires et du grand public, de permettre la d\u00e9couverte des abeilles et de leur r\u00f4le irrempla\u00e7able dans notre environnement<\/p>\n<p>L&rsquo;accueil des classes d&rsquo;\u00e9l\u00e8ves se fait sur trois ateliers de la fin avril jusqu&rsquo;\u00e0 fin juin:<\/p>\n<ul>\n<li>Un atelier sur le m\u00e9tier d&rsquo;apiculteur et les outils n\u00e9cessaires \u00e0 la r\u00e9colte du miel et du pollen. Cet atelier est formalis\u00e9 par la visite de l&rsquo;exposition et de la miellerie.<\/li>\n<li>La visite d&rsquo;une colonie d&rsquo;abeilles sur le rucher, avec des tenues de protection d&rsquo;apiculteurs. Cet atelier permet aux scolaires de vivre un contact r\u00e9el avec les abeilles.<\/li>\n<li>Un atelier sur le r\u00f4le de l&rsquo;abeille dans l&rsquo;environnement, apr\u00e8s projection d&rsquo;une vid\u00e9o p\u00e9dagogique.<\/li>\n<\/ul>\n<p>Les enfants sont r\u00e9partis en groupes et tournent sur ces trois ateliers.<\/p>\n<p>Document d\u00e9taill\u00e9 du fonctionnement du\u00a0 rucher<\/p>\n<a href=\"https:\/\/gdsa34.org\/wp-content\/uploads\/2021\/02\/rucherpedagogique.pdf\" class=\"pdfemb-viewer\" style=\"\" data-width=\"max\" data-height=\"max\" data-toolbar=\"bottom\" data-toolbar-fixed=\"off\">rucherpedagogique<\/a>\n","protected":false},"excerpt":{"rendered":"<p>Dans le cadre de ses missions Information et de sensibilisation des connaissances sanitaires apicoles, le GDSA organise ou contribue \u00e0 des actions p\u00e9dagogiques. A ce titre le GDSA a en charge la gestion et l&rsquo;animation du rucher p\u00e9dagogique du d\u00e9partement <a class=\"more-link\" href=\"https:\/\/gdsa34.org\/index.php\/missions-du-gdsa34\/le-rucher-pedagogique-de-lherault\/\">Continuer la lecture <span class=\"screen-reader-text\">  Le rucher p\u00e9dagogique du D\u00e9partement de l&rsquo;H\u00e9rault<\/span><span class=\"meta-nav\">&rarr;<\/span><\/a><\/p>\n","protected":false},"author":5,"featured_media":0,"parent":44,"menu_order":0,"comment_status":"closed","ping_status":"closed","template":"","meta":{"footnotes":""},"class_list":["post-365","page","type-page","status-publish","hentry"],"_links":{"self":[{"href":"https:\/\/gdsa34.org\/index.php\/wp-json\/wp\/v2\/pages\/365","targetHints":{"allow":["GET"]}}],"collection":[{"href":"https:\/\/gdsa34.org\/index.php\/wp-json\/wp\/v2\/pages"}],"about":[{"href":"https:\/\/gdsa34.org\/index.php\/wp-json\/wp\/v2\/types\/page"}],"author":[{"embeddable":true,"href":"https:\/\/gdsa34.org\/index.php\/wp-json\/wp\/v2\/users\/5"}],"replies":[{"embeddable":true,"href":"https:\/\/gdsa34.org\/index.php\/wp-json\/wp\/v2\/comments?post=365"}],"version-history":[{"count":7,"href":"https:\/\/gdsa34.org\/index.php\/wp-json\/wp\/v2\/pages\/365\/revisions"}],"predecessor-version":[{"id":702,"href":"https:\/\/gdsa34.org\/index.php\/wp-json\/wp\/v2\/pages\/365\/revisions\/702"}],"up":[{"embeddable":true,"href":"https:\/\/gdsa34.org\/index.php\/wp-json\/wp\/v2\/pages\/44"}],"wp:attachment":[{"href":"https:\/\/gdsa34.org\/index.php\/wp-json\/wp\/v2\/media?parent=365"}],"curies":[{"name":"wp","href":"https:\/\/api.w.org\/{rel}","templated":true}]}}