{"id":181,"date":"2019-02-12T17:23:36","date_gmt":"2019-02-12T16:23:36","guid":{"rendered":"http:\/\/gdsa34.org\/?page_id=181"},"modified":"2025-12-07T20:15:17","modified_gmt":"2025-12-07T19:15:17","slug":"documentation","status":"publish","type":"page","link":"https:\/\/gdsa34.org\/index.php\/documentation\/","title":{"rendered":"Sanitaire apicole"},"content":{"rendered":"<p><strong>1-<\/strong> Un lien vers les <strong>pages FNOSAD<\/strong> permettant de t\u00e9l\u00e9charger les fiches pratiques concernant les pathologies apicoles ainsi que les pratiques sanitaires de traitement ou de pr\u00e9vention.<\/p>\n<p><a href=\"https:\/\/www.fnosad.com\/fiches-pratiques-a-telecharger\" target=\"_blank\" rel=\"noopener noreferrer\">https:\/\/www.fnosad.com\/fiches-pratiques-a-telecharger<\/a><\/p>\n<p><strong>2-<\/strong> Parmi les bonnes pratiques apicoles, <strong>la d\u00e9sinfection<\/strong> fait partie des \u00ab\u00a0obligations basiques\u00a0\u00bb \u00e0 respecter!<\/p>\n<a href=\"https:\/\/gdsa34.org\/wp-content\/uploads\/2020\/03\/LSA-desinfection_materiel-apicole.pdf\" class=\"pdfemb-viewer\" style=\"\" data-width=\"max\" data-height=\"max\" data-toolbar=\"bottom\" data-toolbar-fixed=\"off\">LSA-desinfection_materiel-apicole<\/a>\n<p><strong>3- Ma\u00eetriser la varroose<\/strong><br \/>\nVous pouvez visualiser et t\u00e9l\u00e9charger la liste des sp\u00e9cialit\u00e9s v\u00e9t\u00e9rinaires homologu\u00e9es et distribu\u00e9es par votre GDSA, ainsi que le calendrier des op\u00e9rations \u00e0 mettre en oeuvre sur vos colonies d&rsquo;abeilles.<\/p>\n<a href=\"https:\/\/gdsa34.org\/wp-content\/uploads\/2020\/03\/traitements-AMM.pdf\" class=\"pdfemb-viewer\" style=\"\" data-width=\"max\" data-height=\"max\" data-toolbar=\"bottom\" data-toolbar-fixed=\"off\">traitements-AMM<\/a>\n<a href=\"https:\/\/gdsa34.org\/wp-content\/uploads\/2020\/03\/calendrier-lutte-contre-varroa-V1-simplifi\u00e9.pdf\" class=\"pdfemb-viewer\" style=\"\" data-width=\"max\" data-height=\"max\" data-toolbar=\"bottom\" data-toolbar-fixed=\"off\">calendrier lutte contre varroa V1 simplifi\u00e9<\/a>\n<p><strong>4- Technique de lutte Varroa avec encagement de reine<\/strong><\/p>\n<p>Suite \u00e0 des journ\u00e9es techniques r\u00e9alis\u00e9es sur les rucher \u00e9cole, J-Philippe Chaize a r\u00e9alis\u00e9 un document de synth\u00e8se, tr\u00e8s clair, de cette technique.<\/p>\n<a href=\"https:\/\/gdsa34.org\/wp-content\/uploads\/2023\/09\/Stage-encagement-des-reines-2023-REAH-CastriesV2.pdf\" class=\"pdfemb-viewer\" style=\"\" data-width=\"max\" data-height=\"max\" data-toolbar=\"bottom\" data-toolbar-fixed=\"off\">Encagement de reines<\/a>\n","protected":false},"excerpt":{"rendered":"<p>1- Un lien vers les pages FNOSAD permettant de t\u00e9l\u00e9charger les fiches pratiques concernant les pathologies apicoles ainsi que les pratiques sanitaires de traitement ou de pr\u00e9vention. https:\/\/www.fnosad.com\/fiches-pratiques-a-telecharger 2- Parmi les bonnes pratiques apicoles, la d\u00e9sinfection fait partie des \u00ab\u00a0obligations <a class=\"more-link\" href=\"https:\/\/gdsa34.org\/index.php\/documentation\/\">Continuer la lecture <span class=\"screen-reader-text\">  Sanitaire apicole<\/span><span class=\"meta-nav\">&rarr;<\/span><\/a><\/p>\n","protected":false},"author":5,"featured_media":0,"parent":0,"menu_order":0,"comment_status":"closed","ping_status":"closed","template":"","meta":{"footnotes":""},"class_list":["post-181","page","type-page","status-publish","hentry"],"_links":{"self":[{"href":"https:\/\/gdsa34.org\/index.php\/wp-json\/wp\/v2\/pages\/181","targetHints":{"allow":["GET"]}}],"collection":[{"href":"https:\/\/gdsa34.org\/index.php\/wp-json\/wp\/v2\/pages"}],"about":[{"href":"https:\/\/gdsa34.org\/index.php\/wp-json\/wp\/v2\/types\/page"}],"author":[{"embeddable":true,"href":"https:\/\/gdsa34.org\/index.php\/wp-json\/wp\/v2\/users\/5"}],"replies":[{"embeddable":true,"href":"https:\/\/gdsa34.org\/index.php\/wp-json\/wp\/v2\/comments?post=181"}],"version-history":[{"count":11,"href":"https:\/\/gdsa34.org\/index.php\/wp-json\/wp\/v2\/pages\/181\/revisions"}],"predecessor-version":[{"id":1371,"href":"https:\/\/gdsa34.org\/index.php\/wp-json\/wp\/v2\/pages\/181\/revisions\/1371"}],"wp:attachment":[{"href":"https:\/\/gdsa34.org\/index.php\/wp-json\/wp\/v2\/media?parent=181"}],"curies":[{"name":"wp","href":"https:\/\/api.w.org\/{rel}","templated":true}]}}