{"id":1137,"date":"2024-01-18T09:16:27","date_gmt":"2024-01-18T08:16:27","guid":{"rendered":"https:\/\/gdsa34.org\/?page_id=1137"},"modified":"2024-01-18T09:16:27","modified_gmt":"2024-01-18T08:16:27","slug":"le-gdsa34","status":"publish","type":"page","link":"https:\/\/gdsa34.org\/index.php\/le-gdsa34\/","title":{"rendered":"Le GDSA34"},"content":{"rendered":"Les activit\u00e9s du GDSA (<strong>Groupement de D\u00e9fense Sanitaire Apicole<\/strong>) de l\u2019H\u00e9rault sont centr\u00e9es sur la protection des abeilles et leur bien-\u00eatre, en collaboration avec la <strong>Section Apicole de la FRGDS Occitanie<\/strong>.\r\n\r\nLes GDSA34 est le relais d\u00e9partemental du dispositif <a href=\"https:\/\/gdsa34.org\/index.php\/omaa\/\" target=\"_blank\" rel=\"noopener\">OMAA <\/a>(Observatoire des Mortalit\u00e9s et Affaiblissements des Abeilles)\r\n\r\n<!-- \/wp:post-content --><!-- wp:paragraph -->\r\n\r\nLe GDSA de l\u2019H\u00e9rault a aussi pour but :\r\n\r\n<!-- \/wp:paragraph --><!-- wp:list -->\r\n<ul>\r\n \t<li>d\u2019apporter une aide aux apiculteurs adh\u00e9rents dans <strong>l\u2019am\u00e9lioration de l\u2019\u00e9tat sanitaire<\/strong> des colonies d&rsquo;abeilles, dans la lutte contre leurs maladies et leurs parasites, les mortalit\u00e9s,<\/li>\r\n \t<li>de mettre en place et de g\u00e9rer un <strong>Plan Sanitaire d&rsquo;Elevage<\/strong> (PSE), sous la supervision d&rsquo;un v\u00e9t\u00e9rinaire conseil et permettant de diffuser les traitements v\u00e9t\u00e9rinaires homologu\u00e9s (AMM) et d&rsquo;organiser les visites sanitaires p\u00e9riodiques chez les apiculteurs.<\/li>\r\n \t<li>de sauvegarder les int\u00e9r\u00eats des adh\u00e9rents,<\/li>\r\n \t<li>de diffuser les connaissances et pratiques sanitaires apicoles pour am\u00e9liorer la technicit\u00e9 des apiculteurs<\/li>\r\n<\/ul>","protected":false},"excerpt":{"rendered":"<p>Les activit\u00e9s du GDSA (Groupement de D\u00e9fense Sanitaire Apicole) de l\u2019H\u00e9rault sont centr\u00e9es sur la protection des abeilles et leur bien-\u00eatre, en collaboration avec la Section Apicole de la FRGDS Occitanie. Les GDSA34 est le relais d\u00e9partemental du dispositif OMAA <a class=\"more-link\" href=\"https:\/\/gdsa34.org\/index.php\/le-gdsa34\/\">Continuer la lecture <span class=\"screen-reader-text\">  Le GDSA34<\/span><span class=\"meta-nav\">&rarr;<\/span><\/a><\/p>\n","protected":false},"author":5,"featured_media":0,"parent":0,"menu_order":0,"comment_status":"closed","ping_status":"closed","template":"","meta":{"footnotes":""},"class_list":["post-1137","page","type-page","status-publish","hentry"],"_links":{"self":[{"href":"https:\/\/gdsa34.org\/index.php\/wp-json\/wp\/v2\/pages\/1137","targetHints":{"allow":["GET"]}}],"collection":[{"href":"https:\/\/gdsa34.org\/index.php\/wp-json\/wp\/v2\/pages"}],"about":[{"href":"https:\/\/gdsa34.org\/index.php\/wp-json\/wp\/v2\/types\/page"}],"author":[{"embeddable":true,"href":"https:\/\/gdsa34.org\/index.php\/wp-json\/wp\/v2\/users\/5"}],"replies":[{"embeddable":true,"href":"https:\/\/gdsa34.org\/index.php\/wp-json\/wp\/v2\/comments?post=1137"}],"version-history":[{"count":1,"href":"https:\/\/gdsa34.org\/index.php\/wp-json\/wp\/v2\/pages\/1137\/revisions"}],"predecessor-version":[{"id":1138,"href":"https:\/\/gdsa34.org\/index.php\/wp-json\/wp\/v2\/pages\/1137\/revisions\/1138"}],"wp:attachment":[{"href":"https:\/\/gdsa34.org\/index.php\/wp-json\/wp\/v2\/media?parent=1137"}],"curies":[{"name":"wp","href":"https:\/\/api.w.org\/{rel}","templated":true}]}}