{"id":1125,"date":"2024-01-17T10:25:24","date_gmt":"2024-01-17T09:25:24","guid":{"rendered":"https:\/\/gdsa34.org\/?page_id=1125"},"modified":"2025-12-15T17:53:38","modified_gmt":"2025-12-15T16:53:38","slug":"sanitaire-apicole-du-rucher-ecole-chateau-de-castries","status":"publish","type":"page","link":"https:\/\/gdsa34.org\/index.php\/sanitaire-apicole-du-rucher-ecole-chateau-de-castries\/","title":{"rendered":"Sanitaire Apicole du rucher \u00e9cole Ch\u00e2teau de Castries"},"content":{"rendered":"<p>A propos du Varroa: le pr\u00e9cieux guide tr\u00e8s complet \u00e9dit\u00e9 par la FNOSAD <a href=\"https:\/\/reah-chateaudecastries.org\/fiches-techniques\/varroose\/\" target=\"_blank\" rel=\"noopener\">https:\/\/reah-chateaudecastries.org\/fiches-techniques\/varroose\/<\/a><\/p>\n<p>Traitements anti-Varroa:\u00a0<a href=\"https:\/\/reah-chateaudecastries.org\/traitements-varroa\/\" target=\"_blank\" rel=\"noopener\">https:\/\/reah-chateaudecastries.org\/traitements-varroa\/<\/a><\/p>\n<p>Concernant la Loque Am\u00e9ricaine :\u00a0<a href=\"https:\/\/reah-chateaudecastries.org\/fiches-techniques\/la-loque-americaine\/\" target=\"_blank\" rel=\"noopener\">https:\/\/reah-chateaudecastries.org\/fiches-techniques\/la-loque-americaine\/<\/a><\/p>\n","protected":false},"excerpt":{"rendered":"<p>A propos du Varroa: le pr\u00e9cieux guide tr\u00e8s complet \u00e9dit\u00e9 par la FNOSAD https:\/\/reah-chateaudecastries.org\/fiches-techniques\/varroose\/ Traitements anti-Varroa:\u00a0https:\/\/reah-chateaudecastries.org\/traitements-varroa\/ Concernant la Loque Am\u00e9ricaine :\u00a0https:\/\/reah-chateaudecastries.org\/fiches-techniques\/la-loque-americaine\/<\/p>\n","protected":false},"author":5,"featured_media":0,"parent":0,"menu_order":0,"comment_status":"closed","ping_status":"closed","template":"","meta":{"footnotes":""},"class_list":["post-1125","page","type-page","status-publish","hentry"],"_links":{"self":[{"href":"https:\/\/gdsa34.org\/index.php\/wp-json\/wp\/v2\/pages\/1125","targetHints":{"allow":["GET"]}}],"collection":[{"href":"https:\/\/gdsa34.org\/index.php\/wp-json\/wp\/v2\/pages"}],"about":[{"href":"https:\/\/gdsa34.org\/index.php\/wp-json\/wp\/v2\/types\/page"}],"author":[{"embeddable":true,"href":"https:\/\/gdsa34.org\/index.php\/wp-json\/wp\/v2\/users\/5"}],"replies":[{"embeddable":true,"href":"https:\/\/gdsa34.org\/index.php\/wp-json\/wp\/v2\/comments?post=1125"}],"version-history":[{"count":2,"href":"https:\/\/gdsa34.org\/index.php\/wp-json\/wp\/v2\/pages\/1125\/revisions"}],"predecessor-version":[{"id":1378,"href":"https:\/\/gdsa34.org\/index.php\/wp-json\/wp\/v2\/pages\/1125\/revisions\/1378"}],"wp:attachment":[{"href":"https:\/\/gdsa34.org\/index.php\/wp-json\/wp\/v2\/media?parent=1125"}],"curies":[{"name":"wp","href":"https:\/\/api.w.org\/{rel}","templated":true}]}}