{"id":1105,"date":"2024-01-17T09:21:22","date_gmt":"2024-01-17T08:21:22","guid":{"rendered":"https:\/\/gdsa34.org\/?page_id=1105"},"modified":"2024-05-24T15:10:47","modified_gmt":"2024-05-24T13:10:47","slug":"les-techniciens-sanitaires-apicoles","status":"publish","type":"page","link":"https:\/\/gdsa34.org\/index.php\/omaa\/les-techniciens-sanitaires-apicoles\/","title":{"rendered":"Les TSA du GDSA34"},"content":{"rendered":"<p>En 2024, le GDSA34 dispose de <strong>20<\/strong> <strong>Techniciens Sanitaires Apicoles<\/strong> ayant suivi la formation valid\u00e9e:<\/p>\n<table border=\"0\" cellspacing=\"0\">\n<colgroup span=\"4\" width=\"85\"><\/colgroup>\n<tbody>\n<tr>\n<td align=\"left\" height=\"19\">ALMES<\/td>\n<td align=\"left\">J-Pierre<\/td>\n<td align=\"left\">St Dr\u00e9z\u00e9ry<\/td>\n<td align=\"right\">34160<\/td>\n<\/tr>\n<tr>\n<td align=\"left\" height=\"19\">ARNAL<\/td>\n<td align=\"left\">J-Luc<\/td>\n<td align=\"left\">Lod\u00e8ve<\/td>\n<td align=\"right\">34700<\/td>\n<\/tr>\n<tr>\n<td align=\"left\" height=\"19\">BIGOT<\/td>\n<td align=\"left\">Adrien<\/td>\n<td align=\"left\">Villeveyrac<\/td>\n<td align=\"right\">34560<\/td>\n<\/tr>\n<tr>\n<td align=\"left\" height=\"19\">BOYE<\/td>\n<td align=\"left\">J-Pierre<\/td>\n<td align=\"left\">Montpellier<\/td>\n<td align=\"right\">34000<\/td>\n<\/tr>\n<tr>\n<td align=\"left\" height=\"19\">BROCARD<\/td>\n<td align=\"left\">Didier<\/td>\n<td align=\"left\">Autignac<\/td>\n<td align=\"right\">34480<\/td>\n<\/tr>\n<tr>\n<td align=\"left\" height=\"19\">CHAIZE<\/td>\n<td align=\"left\">J-Philippe<\/td>\n<td align=\"left\">Castelnau le Lez<\/td>\n<td align=\"right\">34170<\/td>\n<\/tr>\n<tr>\n<td align=\"left\" height=\"19\">COUTOUZIS<\/td>\n<td align=\"left\">Michel<\/td>\n<td align=\"left\">Maraussan<\/td>\n<td align=\"right\">34370<\/td>\n<\/tr>\n<tr>\n<td align=\"left\" height=\"19\">DACOSTA<\/td>\n<td align=\"left\">Armand<\/td>\n<td align=\"left\">St G\u00e9ly du Fesc<\/td>\n<td align=\"right\">34980<\/td>\n<\/tr>\n<tr>\n<td align=\"left\" height=\"19\">DELON<\/td>\n<td align=\"left\">J-Luc<\/td>\n<td align=\"left\">Les Matelles<\/td>\n<td align=\"right\">34270<\/td>\n<\/tr>\n<tr>\n<td align=\"left\" height=\"19\">DIEGO<\/td>\n<td align=\"left\">Didier<\/td>\n<td align=\"left\">Lespignan<\/td>\n<td align=\"right\">34710<\/td>\n<\/tr>\n<tr>\n<td align=\"left\" height=\"19\">ESMENJAUD<\/td>\n<td align=\"left\">Patrick<\/td>\n<td align=\"left\">Frontignan<\/td>\n<td align=\"right\">34110<\/td>\n<\/tr>\n<tr>\n<td align=\"left\" height=\"19\">GALZIN<\/td>\n<td align=\"left\">Paul<\/td>\n<td align=\"left\">B\u00e9ziers<\/td>\n<td align=\"right\">34500<\/td>\n<\/tr>\n<tr>\n<td align=\"left\" height=\"19\">JALABERT<\/td>\n<td align=\"left\">R\u00e9gis<\/td>\n<td align=\"left\">Viols le Fort<\/td>\n<td align=\"right\">34343<\/td>\n<\/tr>\n<tr>\n<td align=\"left\" height=\"19\">LEPARQUIER<\/td>\n<td align=\"left\">Patrick<\/td>\n<td align=\"left\">Aumelas<\/td>\n<td align=\"right\">34230<\/td>\n<\/tr>\n<tr>\n<td align=\"left\" height=\"19\">MENETREY<\/td>\n<td align=\"left\">Dominique<\/td>\n<td align=\"left\">Balaruc<\/td>\n<td align=\"right\">34540<\/td>\n<\/tr>\n<tr>\n<td align=\"left\" height=\"19\">MERIT<\/td>\n<td align=\"left\">Alain<\/td>\n<td align=\"left\">La Salvetat sur Ago\u00fbt<\/td>\n<td align=\"right\">34330<\/td>\n<\/tr>\n<tr>\n<td align=\"left\" height=\"19\">SERIN<\/td>\n<td align=\"left\">C\u00e9dric<\/td>\n<td align=\"left\">Pignan<\/td>\n<td align=\"right\">34570<\/td>\n<\/tr>\n<tr>\n<td align=\"left\" height=\"19\">SOULAS<\/td>\n<td align=\"left\">Andr\u00e9<\/td>\n<td align=\"left\">Viols le Fort<\/td>\n<td align=\"right\">34380<\/td>\n<\/tr>\n<tr>\n<td align=\"left\" height=\"19\">THOMMERET<\/td>\n<td align=\"left\">Agathe<\/td>\n<td align=\"left\">Mons la Trivalle<\/td>\n<td align=\"right\">34390<\/td>\n<\/tr>\n<tr>\n<td align=\"left\" height=\"19\">VALADIER<\/td>\n<td align=\"left\">Xavier<\/td>\n<td align=\"left\">Saussines<\/td>\n<td align=\"right\">34160<\/td>\n<\/tr>\n<\/tbody>\n<\/table>\n<p>Ces TSA travaillent sous la supervision de notre <strong>v\u00e9t\u00e9rinaire conseil: S\u00e9bastien MEYRIEUX<\/strong>, <span style=\"font-size: 15px; font-weight: 300;\">clinique v\u00e9t\u00e9rinaire de Lod\u00e8ve.<br \/>\n<\/span><\/p>\n","protected":false},"excerpt":{"rendered":"<p>En 2024, le GDSA34 dispose de 20 Techniciens Sanitaires Apicoles ayant suivi la formation valid\u00e9e: ALMES J-Pierre St Dr\u00e9z\u00e9ry 34160 ARNAL J-Luc Lod\u00e8ve 34700 BIGOT Adrien Villeveyrac 34560 BOYE J-Pierre Montpellier 34000 BROCARD Didier Autignac 34480 CHAIZE J-Philippe Castelnau le <a class=\"more-link\" href=\"https:\/\/gdsa34.org\/index.php\/omaa\/les-techniciens-sanitaires-apicoles\/\">Continuer la lecture <span class=\"screen-reader-text\">  Les TSA du GDSA34<\/span><span class=\"meta-nav\">&rarr;<\/span><\/a><\/p>\n","protected":false},"author":5,"featured_media":0,"parent":1010,"menu_order":0,"comment_status":"closed","ping_status":"closed","template":"","meta":{"footnotes":""},"class_list":["post-1105","page","type-page","status-publish","hentry"],"_links":{"self":[{"href":"https:\/\/gdsa34.org\/index.php\/wp-json\/wp\/v2\/pages\/1105","targetHints":{"allow":["GET"]}}],"collection":[{"href":"https:\/\/gdsa34.org\/index.php\/wp-json\/wp\/v2\/pages"}],"about":[{"href":"https:\/\/gdsa34.org\/index.php\/wp-json\/wp\/v2\/types\/page"}],"author":[{"embeddable":true,"href":"https:\/\/gdsa34.org\/index.php\/wp-json\/wp\/v2\/users\/5"}],"replies":[{"embeddable":true,"href":"https:\/\/gdsa34.org\/index.php\/wp-json\/wp\/v2\/comments?post=1105"}],"version-history":[{"count":16,"href":"https:\/\/gdsa34.org\/index.php\/wp-json\/wp\/v2\/pages\/1105\/revisions"}],"predecessor-version":[{"id":1228,"href":"https:\/\/gdsa34.org\/index.php\/wp-json\/wp\/v2\/pages\/1105\/revisions\/1228"}],"up":[{"embeddable":true,"href":"https:\/\/gdsa34.org\/index.php\/wp-json\/wp\/v2\/pages\/1010"}],"wp:attachment":[{"href":"https:\/\/gdsa34.org\/index.php\/wp-json\/wp\/v2\/media?parent=1105"}],"curies":[{"name":"wp","href":"https:\/\/api.w.org\/{rel}","templated":true}]}}